{"id":15,"date":"2022-04-26T10:12:54","date_gmt":"2022-04-26T08:12:54","guid":{"rendered":"https:\/\/www.alsprod.com\/?page_id=15"},"modified":"2022-04-26T10:12:56","modified_gmt":"2022-04-26T08:12:56","slug":"a-propos-de-alsprod","status":"publish","type":"page","link":"https:\/\/www.alsprod.com\/index.php\/a-propos-de-alsprod\/","title":{"rendered":"A Propos De Alsprod"},"content":{"rendered":"\n<p>Alsprod est une plateforme de partage d&rsquo;articles, dans le but de partager un bon article, pour les groupes qui veulent en savoir plus sur la viande, les fruits de mer, les l\u00e9gumes, les collations, la sant\u00e9 et d&rsquo;autres informations sur les aliments frais.<\/p>\n\n\n\n<figure class=\"wp-block-gallery has-nested-images columns-default is-cropped wp-block-gallery-1 is-layout-flex wp-block-gallery-is-layout-flex\">\n<figure class=\"wp-block-image size-large\"><a href=\"https:\/\/www.alsprod.com\/\"><img loading=\"lazy\" decoding=\"async\" width=\"1024\" height=\"683\" data-id=\"18\" src=\"https:\/\/www.alsprod.com\/wp-content\/uploads\/2022\/04\/1-1024x683.png\" alt=\"A Propos De Alsprod\" class=\"wp-image-18\" srcset=\"https:\/\/www.alsprod.com\/wp-content\/uploads\/2022\/04\/1-1024x683.png 1024w, https:\/\/www.alsprod.com\/wp-content\/uploads\/2022\/04\/1-300x200.png 300w, https:\/\/www.alsprod.com\/wp-content\/uploads\/2022\/04\/1-768x512.png 768w, https:\/\/www.alsprod.com\/wp-content\/uploads\/2022\/04\/1-90x60.png 90w, https:\/\/www.alsprod.com\/wp-content\/uploads\/2022\/04\/1.png 1200w\" sizes=\"auto, (max-width: 1024px) 100vw, 1024px\" \/><\/a><\/figure>\n\n\n\n<figure class=\"wp-block-image size-large\"><a href=\"https:\/\/www.google.com\/shopping\/product\/842509700076434224?q=viande&amp;bih=517&amp;biw=1242&amp;hl=zh-CN&amp;uact=5&amp;oq=viande&amp;gs_lcp=Cgtwcm9kdWN0cy1jYxADMgQIABATMgQIABATMgQIABATMgQIABATMgQIABATMgQIABATMgQIABATMgQIABATMgQIABATMgQIABATSgQIQRgAUABYAGD7BWgAcAB4AIAB5gOIAeYDkgEDNC0xmAEAoAECoAEBwAEB&amp;sclient=products-cc&amp;prds=eto:5364226336768259312_0&amp;sa=X&amp;ved=0ahUKEwjzobWGpLH3AhWDDkQIHbI7CqoQ8gII8AkoAA\" target=\"_blank\" rel=\"noopener\"><img loading=\"lazy\" decoding=\"async\" width=\"298\" height=\"169\" data-id=\"17\" src=\"https:\/\/www.alsprod.com\/wp-content\/uploads\/2022\/04\/2.jpg\" alt=\"A Propos De Alsprod\" class=\"wp-image-17\" srcset=\"https:\/\/www.alsprod.com\/wp-content\/uploads\/2022\/04\/2.jpg 298w, https:\/\/www.alsprod.com\/wp-content\/uploads\/2022\/04\/2-106x60.jpg 106w\" sizes=\"auto, (max-width: 298px) 100vw, 298px\" \/><\/a><\/figure>\n<\/figure>\n\n\n\n<p>Ici, nous partagerons divers articles pratiques sous forme de colonnes, qui sont divis\u00e9s en cat\u00e9gories telles que la viande, les fruits de mer, les l\u00e9gumes, les collations, la sant\u00e9, etc. Vous pouvez apprendre toutes les informations li\u00e9es aux aliments frais et ainsi de suite ici. En feuilletant l&rsquo;article, en cliquant sur une image sp\u00e9cifique, vous pouvez \u00e9galement acc\u00e9der \u00e0 la page de d\u00e9tails correspondante, ce qui vous permet de conna\u00eetre imm\u00e9diatement vos articles pr\u00e9f\u00e9r\u00e9s.<\/p>\n\n\n\n<figure class=\"wp-block-gallery has-nested-images columns-default is-cropped wp-block-gallery-2 is-layout-flex wp-block-gallery-is-layout-flex\">\n<figure class=\"wp-block-image size-large\"><a href=\"https:\/\/ratekitchen.com\/products\/glace-de-viande-gold-veal-beef-stock?variant_id=168974\" target=\"_blank\" rel=\"noopener\"><img loading=\"lazy\" decoding=\"async\" width=\"512\" height=\"354\" data-id=\"19\" src=\"https:\/\/www.alsprod.com\/wp-content\/uploads\/2022\/04\/3.jpg\" alt=\"A Propos De Alsprod\" class=\"wp-image-19\" srcset=\"https:\/\/www.alsprod.com\/wp-content\/uploads\/2022\/04\/3.jpg 512w, https:\/\/www.alsprod.com\/wp-content\/uploads\/2022\/04\/3-300x207.jpg 300w, https:\/\/www.alsprod.com\/wp-content\/uploads\/2022\/04\/3-87x60.jpg 87w\" sizes=\"auto, (max-width: 512px) 100vw, 512px\" \/><\/a><\/figure>\n\n\n\n<figure class=\"wp-block-image size-large\"><img loading=\"lazy\" decoding=\"async\" width=\"1024\" height=\"683\" data-id=\"20\" src=\"https:\/\/www.alsprod.com\/wp-content\/uploads\/2022\/04\/4-1024x683.jpg\" alt=\"A Propos De Alsprod\" class=\"wp-image-20\" srcset=\"https:\/\/www.alsprod.com\/wp-content\/uploads\/2022\/04\/4-1024x683.jpg 1024w, https:\/\/www.alsprod.com\/wp-content\/uploads\/2022\/04\/4-300x200.jpg 300w, https:\/\/www.alsprod.com\/wp-content\/uploads\/2022\/04\/4-768x512.jpg 768w, https:\/\/www.alsprod.com\/wp-content\/uploads\/2022\/04\/4-1536x1024.jpg 1536w, https:\/\/www.alsprod.com\/wp-content\/uploads\/2022\/04\/4-2048x1365.jpg 2048w, https:\/\/www.alsprod.com\/wp-content\/uploads\/2022\/04\/4-90x60.jpg 90w\" sizes=\"auto, (max-width: 1024px) 100vw, 1024px\" \/><\/figure>\n<\/figure>\n\n\n\n<p>\u00c0 l&rsquo;avenir, nous lancerons des articles plus pratiques, un article s\u00e9lectionn\u00e9 par jour pour r\u00e9soudre votre confusion&nbsp;; un article s\u00e9lectionn\u00e9 par jour pour vous faciliter la vie et le travail.<\/p>\n","protected":false},"excerpt":{"rendered":"<p>Alsprod est une plateforme de partage d&rsquo;articles, dans le but de partager un bon article, pour les groupes qui veulent en savoir plus sur la viande, les fruits de mer, <a href=\"https:\/\/www.alsprod.com\/index.php\/a-propos-de-alsprod\/\" class=\"read-more button-fancy -red\"><span class=\"btn-arrow\"><\/span><span class=\"twp-read-more text\">Continuer la lecture<\/span><\/a><\/p>\n","protected":false},"author":1,"featured_media":0,"parent":0,"menu_order":0,"comment_status":"closed","ping_status":"closed","template":"","meta":{"footnotes":""},"class_list":["post-15","page","type-page","status-publish","hentry"],"_links":{"self":[{"href":"https:\/\/www.alsprod.com\/index.php\/wp-json\/wp\/v2\/pages\/15","targetHints":{"allow":["GET"]}}],"collection":[{"href":"https:\/\/www.alsprod.com\/index.php\/wp-json\/wp\/v2\/pages"}],"about":[{"href":"https:\/\/www.alsprod.com\/index.php\/wp-json\/wp\/v2\/types\/page"}],"author":[{"embeddable":true,"href":"https:\/\/www.alsprod.com\/index.php\/wp-json\/wp\/v2\/users\/1"}],"replies":[{"embeddable":true,"href":"https:\/\/www.alsprod.com\/index.php\/wp-json\/wp\/v2\/comments?post=15"}],"version-history":[{"count":1,"href":"https:\/\/www.alsprod.com\/index.php\/wp-json\/wp\/v2\/pages\/15\/revisions"}],"predecessor-version":[{"id":21,"href":"https:\/\/www.alsprod.com\/index.php\/wp-json\/wp\/v2\/pages\/15\/revisions\/21"}],"wp:attachment":[{"href":"https:\/\/www.alsprod.com\/index.php\/wp-json\/wp\/v2\/media?parent=15"}],"curies":[{"name":"wp","href":"https:\/\/api.w.org\/{rel}","templated":true}]}}